{"id":103,"date":"2025-12-28T11:45:38","date_gmt":"2025-12-28T11:45:38","guid":{"rendered":"https:\/\/cometeenergie.fr\/?page_id=103"},"modified":"2025-12-28T11:45:38","modified_gmt":"2025-12-28T11:45:38","slug":"note-pratique-charte-dengagement","status":"publish","type":"page","link":"https:\/\/cometeenergie.fr\/index.php\/note-pratique-charte-dengagement\/","title":{"rendered":"Note pratique &amp; Charte d&rsquo;Engagement"},"content":{"rendered":"\n<p><strong>Note pratique avant votre rendez-vous :<\/strong><\/p>\n\n\n\n<p>Afin de maximiser les bienfaits de la s\u00e9ance, je vous recommande de pr\u00e9voir une douche&nbsp;<strong>avant<\/strong>&nbsp;notre rencontre. Pour laisser le corps int\u00e9grer le travail effectu\u00e9, il est conseill\u00e9 de ne pas se doucher, ni de consommer d\u2019alcool, dans les&nbsp;<strong>4 \u00e0 6 heures suivant<\/strong>&nbsp;le soin.<\/p>\n\n\n\n<p><strong>Note pratique pour la s\u00e9ance :<\/strong><\/p>\n\n\n\n<p>Pour une efficacit\u00e9 optimale du soin \u00e9nerg\u00e9tique, il est recommand\u00e9 que l\u2019animal reste au calme apr\u00e8s la s\u00e9ance. Merci de ne pas lui donner de douche\/shampoing, ni de lui faire pratiquer d\u2019effort physique intense (sport, longue randonn\u00e9e) dans les&nbsp;<strong>4 \u00e0 6 heures suivant<\/strong>&nbsp;le rendez-vous.<\/p>\n\n\n\n<p><strong>Note importante pour votre s\u00e9ance :<\/strong><\/p>\n\n\n\n<p>Le travail de reboutement sollicite profond\u00e9ment les tissus et les liquides du corps. Pour optimiser la r\u00e9cup\u00e9ration, il est imp\u00e9ratif de&nbsp;<strong>boire beaucoup d\u2019eau<\/strong>&nbsp;apr\u00e8s la s\u00e9ance. Merci de pr\u00e9voir votre douche&nbsp;<strong>avant<\/strong>&nbsp;le rendez-vous : afin de ne pas interf\u00e9rer avec le r\u00e9\u00e9quilibrage, il ne faut pas se doucher ni consommer d\u2019alcool dans les&nbsp;<strong>4 \u00e0 6 heures suivant<\/strong>&nbsp;le soin.<\/p>\n\n\n\n<h3 class=\"wp-block-heading\">Ma charte d\u2019engagement<\/h3>\n\n\n\n<ul class=\"wp-block-list\">\n<li><strong>Douceur et \u00c9coute :<\/strong>&nbsp;Contrairement aux id\u00e9es re\u00e7ues, le reboutement moderne se pratique dans le respect de la r\u00e9ceptivit\u00e9 du corps, sans manipulation brusque.<\/li>\n\n\n\n<li><strong>Cadre Th\u00e9rapeutique :<\/strong>&nbsp;Ces techniques de bien-\u00eatre ne s\u2019apparentent pas \u00e0 de la kin\u00e9sith\u00e9rapie ou de l\u2019ost\u00e9opathie. Aucun acte m\u00e9dical ou de manipulation vert\u00e9brale forc\u00e9e n\u2019est pratiqu\u00e9.<\/li>\n\n\n\n<li><strong>Vision Globale :<\/strong>&nbsp;On ne traite pas seulement la zone douloureuse, mais l\u2019individu dans son ensemble pour \u00e9viter que la douleur ne revienne.<\/li>\n<\/ul>\n","protected":false},"excerpt":{"rendered":"<p>Note pratique avant votre rendez-vous : Afin de maximiser les bienfaits de la s\u00e9ance, je vous recommande de pr\u00e9voir une douche&nbsp;avant&nbsp;notre rencontre. Pour laisser le corps int\u00e9grer le travail effectu\u00e9, il est conseill\u00e9 de ne pas se doucher, ni de consommer d\u2019alcool, dans les&nbsp;4 \u00e0 6 heures suivant&nbsp;le soin. Note pratique pour la s\u00e9ance : [&hellip;]<\/p>\n","protected":false},"author":1,"featured_media":0,"parent":0,"menu_order":0,"comment_status":"closed","ping_status":"closed","template":"","meta":{"footnotes":""},"class_list":["post-103","page","type-page","status-publish","hentry"],"yoast_head":"<!-- This site is optimized with the Yoast SEO plugin v27.2 - https:\/\/yoast.com\/product\/yoast-seo-wordpress\/ -->\n<title>Note pratique &amp; Charte d&#039;Engagement - Com\u00e8te \u00c9nergie Kin\u00e9siologie<\/title>\n<meta name=\"robots\" content=\"index, follow, max-snippet:-1, max-image-preview:large, max-video-preview:-1\" \/>\n<link rel=\"canonical\" href=\"https:\/\/cometeenergie.fr\/index.php\/note-pratique-charte-dengagement\/\" \/>\n<meta property=\"og:locale\" content=\"fr_FR\" \/>\n<meta property=\"og:type\" content=\"article\" \/>\n<meta property=\"og:title\" content=\"Note pratique &amp; Charte d&#039;Engagement - Com\u00e8te \u00c9nergie Kin\u00e9siologie\" \/>\n<meta property=\"og:description\" content=\"Note pratique avant votre rendez-vous : Afin de maximiser les bienfaits de la s\u00e9ance, je vous recommande de pr\u00e9voir une douche&nbsp;avant&nbsp;notre rencontre. Pour laisser le corps int\u00e9grer le travail effectu\u00e9, il est conseill\u00e9 de ne pas se doucher, ni de consommer d\u2019alcool, dans les&nbsp;4 \u00e0 6 heures suivant&nbsp;le soin. Note pratique pour la s\u00e9ance : [&hellip;]\" \/>\n<meta property=\"og:url\" content=\"https:\/\/cometeenergie.fr\/index.php\/note-pratique-charte-dengagement\/\" \/>\n<meta property=\"og:site_name\" content=\"Com\u00e8te \u00c9nergie Kin\u00e9siologie\" \/>\n<meta property=\"article:publisher\" content=\"https:\/\/www.facebook.com\/people\/Comte-Energie-Kinsiologie\/61584613425373\/\" \/>\n<meta name=\"twitter:card\" content=\"summary_large_image\" \/>\n<meta name=\"twitter:label1\" content=\"Dur\u00e9e de lecture estim\u00e9e\" \/>\n\t<meta name=\"twitter:data1\" content=\"1 minute\" \/>\n<script type=\"application\/ld+json\" class=\"yoast-schema-graph\">{\"@context\":\"https:\/\/schema.org\",\"@graph\":[{\"@type\":\"WebPage\",\"@id\":\"https:\/\/cometeenergie.fr\/index.php\/note-pratique-charte-dengagement\/\",\"url\":\"https:\/\/cometeenergie.fr\/index.php\/note-pratique-charte-dengagement\/\",\"name\":\"Note pratique &amp; Charte d'Engagement - Com\u00e8te \u00c9nergie Kin\u00e9siologie\",\"isPartOf\":{\"@id\":\"http:\/\/cometeenergie.fr\/#website\"},\"datePublished\":\"2025-12-28T11:45:38+00:00\",\"breadcrumb\":{\"@id\":\"https:\/\/cometeenergie.fr\/index.php\/note-pratique-charte-dengagement\/#breadcrumb\"},\"inLanguage\":\"fr-FR\",\"potentialAction\":[{\"@type\":\"ReadAction\",\"target\":[\"https:\/\/cometeenergie.fr\/index.php\/note-pratique-charte-dengagement\/\"]}]},{\"@type\":\"BreadcrumbList\",\"@id\":\"https:\/\/cometeenergie.fr\/index.php\/note-pratique-charte-dengagement\/#breadcrumb\",\"itemListElement\":[{\"@type\":\"ListItem\",\"position\":1,\"name\":\"Accueil\",\"item\":\"http:\/\/cometeenergie.fr\/\"},{\"@type\":\"ListItem\",\"position\":2,\"name\":\"Note pratique &amp; Charte d&rsquo;Engagement\"}]},{\"@type\":\"WebSite\",\"@id\":\"http:\/\/cometeenergie.fr\/#website\",\"url\":\"http:\/\/cometeenergie.fr\/\",\"name\":\"Com\u00e8te \u00c9nergie Kin\u00e9siologie\",\"description\":\"\",\"publisher\":{\"@id\":\"http:\/\/cometeenergie.fr\/#organization\"},\"potentialAction\":[{\"@type\":\"SearchAction\",\"target\":{\"@type\":\"EntryPoint\",\"urlTemplate\":\"http:\/\/cometeenergie.fr\/?s={search_term_string}\"},\"query-input\":{\"@type\":\"PropertyValueSpecification\",\"valueRequired\":true,\"valueName\":\"search_term_string\"}}],\"inLanguage\":\"fr-FR\"},{\"@type\":\"Organization\",\"@id\":\"http:\/\/cometeenergie.fr\/#organization\",\"name\":\"Com\u00e8te \u00c9nergie Kin\u00e9siologie\",\"url\":\"http:\/\/cometeenergie.fr\/\",\"logo\":{\"@type\":\"ImageObject\",\"inLanguage\":\"fr-FR\",\"@id\":\"http:\/\/cometeenergie.fr\/#\/schema\/logo\/image\/\",\"url\":\"https:\/\/cometeenergie.fr\/wp-content\/uploads\/2026\/02\/logo-comete-energie-kinesiologue-balma.png.jpeg\",\"contentUrl\":\"https:\/\/cometeenergie.fr\/wp-content\/uploads\/2026\/02\/logo-comete-energie-kinesiologue-balma.png.jpeg\",\"width\":581,\"height\":775,\"caption\":\"Com\u00e8te \u00c9nergie Kin\u00e9siologie\"},\"image\":{\"@id\":\"http:\/\/cometeenergie.fr\/#\/schema\/logo\/image\/\"},\"sameAs\":[\"https:\/\/www.facebook.com\/people\/Comte-Energie-Kinsiologie\/61584613425373\/\",\"https:\/\/www.instagram.com\/comete.energie.kinesiologie?utm_source=qr&igsh=MW43MGVkN3U2MWRvaA==\",\"https:\/\/www.linkedin.com\/authwall?trk=bf&trkInfo=AQEKvTfmpFGt0gAAAZxNzRWgwGinfK8n5dbRXtXZcvQ9xi1yQAcTVsXFA1tbKBLS0H3IWf-HjI3oegOa8Vu3N0yB_5cdwesXN3RAMSLsRNJne5Sv8AiYQ8DnG4aKbZZU81iymH4=&original_referer&sessionRedirect=httpswww.linkedin.cominsabrina-robert-180669114utm_sourceshare_viautm_contentprofileutm_mediummember_android\"]}]}<\/script>\n<!-- \/ Yoast SEO plugin. -->","yoast_head_json":{"title":"Note pratique &amp; Charte d'Engagement - Com\u00e8te \u00c9nergie Kin\u00e9siologie","robots":{"index":"index","follow":"follow","max-snippet":"max-snippet:-1","max-image-preview":"max-image-preview:large","max-video-preview":"max-video-preview:-1"},"canonical":"https:\/\/cometeenergie.fr\/index.php\/note-pratique-charte-dengagement\/","og_locale":"fr_FR","og_type":"article","og_title":"Note pratique &amp; Charte d'Engagement - Com\u00e8te \u00c9nergie Kin\u00e9siologie","og_description":"Note pratique avant votre rendez-vous : Afin de maximiser les bienfaits de la s\u00e9ance, je vous recommande de pr\u00e9voir une douche&nbsp;avant&nbsp;notre rencontre. Pour laisser le corps int\u00e9grer le travail effectu\u00e9, il est conseill\u00e9 de ne pas se doucher, ni de consommer d\u2019alcool, dans les&nbsp;4 \u00e0 6 heures suivant&nbsp;le soin. Note pratique pour la s\u00e9ance : [&hellip;]","og_url":"https:\/\/cometeenergie.fr\/index.php\/note-pratique-charte-dengagement\/","og_site_name":"Com\u00e8te \u00c9nergie Kin\u00e9siologie","article_publisher":"https:\/\/www.facebook.com\/people\/Comte-Energie-Kinsiologie\/61584613425373\/","twitter_card":"summary_large_image","twitter_misc":{"Dur\u00e9e de lecture estim\u00e9e":"1 minute"},"schema":{"@context":"https:\/\/schema.org","@graph":[{"@type":"WebPage","@id":"https:\/\/cometeenergie.fr\/index.php\/note-pratique-charte-dengagement\/","url":"https:\/\/cometeenergie.fr\/index.php\/note-pratique-charte-dengagement\/","name":"Note pratique &amp; Charte d'Engagement - Com\u00e8te \u00c9nergie Kin\u00e9siologie","isPartOf":{"@id":"http:\/\/cometeenergie.fr\/#website"},"datePublished":"2025-12-28T11:45:38+00:00","breadcrumb":{"@id":"https:\/\/cometeenergie.fr\/index.php\/note-pratique-charte-dengagement\/#breadcrumb"},"inLanguage":"fr-FR","potentialAction":[{"@type":"ReadAction","target":["https:\/\/cometeenergie.fr\/index.php\/note-pratique-charte-dengagement\/"]}]},{"@type":"BreadcrumbList","@id":"https:\/\/cometeenergie.fr\/index.php\/note-pratique-charte-dengagement\/#breadcrumb","itemListElement":[{"@type":"ListItem","position":1,"name":"Accueil","item":"http:\/\/cometeenergie.fr\/"},{"@type":"ListItem","position":2,"name":"Note pratique &amp; Charte d&rsquo;Engagement"}]},{"@type":"WebSite","@id":"http:\/\/cometeenergie.fr\/#website","url":"http:\/\/cometeenergie.fr\/","name":"Com\u00e8te \u00c9nergie Kin\u00e9siologie","description":"","publisher":{"@id":"http:\/\/cometeenergie.fr\/#organization"},"potentialAction":[{"@type":"SearchAction","target":{"@type":"EntryPoint","urlTemplate":"http:\/\/cometeenergie.fr\/?s={search_term_string}"},"query-input":{"@type":"PropertyValueSpecification","valueRequired":true,"valueName":"search_term_string"}}],"inLanguage":"fr-FR"},{"@type":"Organization","@id":"http:\/\/cometeenergie.fr\/#organization","name":"Com\u00e8te \u00c9nergie Kin\u00e9siologie","url":"http:\/\/cometeenergie.fr\/","logo":{"@type":"ImageObject","inLanguage":"fr-FR","@id":"http:\/\/cometeenergie.fr\/#\/schema\/logo\/image\/","url":"https:\/\/cometeenergie.fr\/wp-content\/uploads\/2026\/02\/logo-comete-energie-kinesiologue-balma.png.jpeg","contentUrl":"https:\/\/cometeenergie.fr\/wp-content\/uploads\/2026\/02\/logo-comete-energie-kinesiologue-balma.png.jpeg","width":581,"height":775,"caption":"Com\u00e8te \u00c9nergie Kin\u00e9siologie"},"image":{"@id":"http:\/\/cometeenergie.fr\/#\/schema\/logo\/image\/"},"sameAs":["https:\/\/www.facebook.com\/people\/Comte-Energie-Kinsiologie\/61584613425373\/","https:\/\/www.instagram.com\/comete.energie.kinesiologie?utm_source=qr&igsh=MW43MGVkN3U2MWRvaA==","https:\/\/www.linkedin.com\/authwall?trk=bf&trkInfo=AQEKvTfmpFGt0gAAAZxNzRWgwGinfK8n5dbRXtXZcvQ9xi1yQAcTVsXFA1tbKBLS0H3IWf-HjI3oegOa8Vu3N0yB_5cdwesXN3RAMSLsRNJne5Sv8AiYQ8DnG4aKbZZU81iymH4=&original_referer&sessionRedirect=httpswww.linkedin.cominsabrina-robert-180669114utm_sourceshare_viautm_contentprofileutm_mediummember_android"]}]}},"_links":{"self":[{"href":"https:\/\/cometeenergie.fr\/index.php\/wp-json\/wp\/v2\/pages\/103","targetHints":{"allow":["GET"]}}],"collection":[{"href":"https:\/\/cometeenergie.fr\/index.php\/wp-json\/wp\/v2\/pages"}],"about":[{"href":"https:\/\/cometeenergie.fr\/index.php\/wp-json\/wp\/v2\/types\/page"}],"author":[{"embeddable":true,"href":"https:\/\/cometeenergie.fr\/index.php\/wp-json\/wp\/v2\/users\/1"}],"replies":[{"embeddable":true,"href":"https:\/\/cometeenergie.fr\/index.php\/wp-json\/wp\/v2\/comments?post=103"}],"version-history":[{"count":1,"href":"https:\/\/cometeenergie.fr\/index.php\/wp-json\/wp\/v2\/pages\/103\/revisions"}],"predecessor-version":[{"id":104,"href":"https:\/\/cometeenergie.fr\/index.php\/wp-json\/wp\/v2\/pages\/103\/revisions\/104"}],"wp:attachment":[{"href":"https:\/\/cometeenergie.fr\/index.php\/wp-json\/wp\/v2\/media?parent=103"}],"curies":[{"name":"wp","href":"https:\/\/api.w.org\/{rel}","templated":true}]}}