{"id":105,"date":"2025-12-28T11:45:29","date_gmt":"2025-12-28T11:45:29","guid":{"rendered":"https:\/\/cometeenergie.fr\/?page_id=105"},"modified":"2025-12-28T11:50:17","modified_gmt":"2025-12-28T11:50:17","slug":"la-kinesiologie-animale","status":"publish","type":"page","link":"https:\/\/cometeenergie.fr\/index.php\/la-kinesiologie-animale\/","title":{"rendered":"Kin\u00e9siologie Animale"},"content":{"rendered":"\n<h2 class=\"wp-block-heading\" style=\"font-size:32px\">Comprendre et lib\u00e9rer le stress de vos compagnons<\/h2>\n\n\n\n<h3 class=\"wp-block-heading\">Qu\u2019est-ce que la kin\u00e9siologie animale ?<\/h3>\n\n\n\n<p>Tout comme l\u2019humain, l\u2019animal enregistre le stress et les \u00e9motions dans sa m\u00e9moire cellulaire. Cependant, ne pouvant pas s&rsquo;exprimer par la parole, il manifeste souvent son mal-\u00eatre par des changements de comportement ou des sympt\u00f4mes physiques.<\/p>\n\n\n\n<p>La kin\u00e9siologie animale permet d&rsquo;identifier la source d&rsquo;un blocage (\u00e9motionnel, environnemental ou physique) gr\u00e2ce au <strong>test musculaire<\/strong>. Dans cette pratique, j&rsquo;utilise g\u00e9n\u00e9ralement le propri\u00e9taire comme \u00ab\u00a0transfert\u00a0\u00bb (interm\u00e9diaire) pour percevoir les r\u00e9ponses du corps de l&rsquo;animal. L&rsquo;objectif est de lib\u00e9rer ces tensions pour que l&rsquo;animal retrouve son \u00e9quilibre et sa s\u00e9r\u00e9nit\u00e9.<\/p>\n\n\n\n<h3 class=\"wp-block-heading\">Pour quels animaux et quelles probl\u00e9matiques ?<\/h3>\n\n\n\n<p>Cette approche est efficace pour tous les animaux (chiens, chats, chevaux, &#8230;).<\/p>\n\n\n\n<ul class=\"wp-block-list\">\n<li><strong>Troubles du comportement :<\/strong> Agressivit\u00e9 soudaine, peur, anxi\u00e9t\u00e9 de s\u00e9paration, malpropret\u00e9, l\u00e9chage excessif.<\/li>\n\n\n\n<li><strong>Changements de vie :<\/strong> D\u00e9m\u00e9nagement, arriv\u00e9e d&rsquo;un nouvel animal ou d&rsquo;un b\u00e9b\u00e9, deuil, abandon ou traumatisme pass\u00e9.<\/li>\n\n\n\n<li><strong>Performance et sport :<\/strong> Stress avant une comp\u00e9tition ou une exposition, manque de concentration, blocages physiques apr\u00e8s un effort.<\/li>\n\n\n\n<li><strong>Accompagnement physique :<\/strong> Aide \u00e0 la r\u00e9cup\u00e9ration apr\u00e8s une blessure, soutien lors d&rsquo;une maladie chronique (en compl\u00e9ment du suivi v\u00e9t\u00e9rinaire) ou fin de vie.<\/li>\n<\/ul>\n\n\n\n<p><\/p>\n","protected":false},"excerpt":{"rendered":"<p>Comprendre et lib\u00e9rer le stress de vos compagnons Qu\u2019est-ce que la kin\u00e9siologie animale ? Tout comme l\u2019humain, l\u2019animal enregistre le stress et les \u00e9motions dans sa m\u00e9moire cellulaire. Cependant, ne pouvant pas s&rsquo;exprimer par la parole, il manifeste souvent son mal-\u00eatre par des changements de comportement ou des sympt\u00f4mes physiques. La kin\u00e9siologie animale permet d&rsquo;identifier [&hellip;]<\/p>\n","protected":false},"author":1,"featured_media":0,"parent":0,"menu_order":0,"comment_status":"closed","ping_status":"closed","template":"","meta":{"footnotes":""},"class_list":["post-105","page","type-page","status-publish","hentry"],"yoast_head":"<!-- This site is optimized with the Yoast SEO plugin v27.2 - https:\/\/yoast.com\/product\/yoast-seo-wordpress\/ -->\n<title>Kin\u00e9siologie Animale - Com\u00e8te \u00c9nergie Kin\u00e9siologie<\/title>\n<meta name=\"robots\" content=\"index, follow, max-snippet:-1, max-image-preview:large, max-video-preview:-1\" \/>\n<link rel=\"canonical\" href=\"https:\/\/cometeenergie.fr\/index.php\/la-kinesiologie-animale\/\" \/>\n<meta property=\"og:locale\" content=\"fr_FR\" \/>\n<meta property=\"og:type\" content=\"article\" \/>\n<meta property=\"og:title\" content=\"Kin\u00e9siologie Animale - Com\u00e8te \u00c9nergie Kin\u00e9siologie\" \/>\n<meta property=\"og:description\" content=\"Comprendre et lib\u00e9rer le stress de vos compagnons Qu\u2019est-ce que la kin\u00e9siologie animale ? Tout comme l\u2019humain, l\u2019animal enregistre le stress et les \u00e9motions dans sa m\u00e9moire cellulaire. Cependant, ne pouvant pas s&rsquo;exprimer par la parole, il manifeste souvent son mal-\u00eatre par des changements de comportement ou des sympt\u00f4mes physiques. La kin\u00e9siologie animale permet d&rsquo;identifier [&hellip;]\" \/>\n<meta property=\"og:url\" content=\"https:\/\/cometeenergie.fr\/index.php\/la-kinesiologie-animale\/\" \/>\n<meta property=\"og:site_name\" content=\"Com\u00e8te \u00c9nergie Kin\u00e9siologie\" \/>\n<meta property=\"article:publisher\" content=\"https:\/\/www.facebook.com\/people\/Comte-Energie-Kinsiologie\/61584613425373\/\" \/>\n<meta property=\"article:modified_time\" content=\"2025-12-28T11:50:17+00:00\" \/>\n<meta name=\"twitter:card\" content=\"summary_large_image\" \/>\n<meta name=\"twitter:label1\" content=\"Dur\u00e9e de lecture estim\u00e9e\" \/>\n\t<meta name=\"twitter:data1\" content=\"1 minute\" \/>\n<script type=\"application\/ld+json\" class=\"yoast-schema-graph\">{\"@context\":\"https:\/\/schema.org\",\"@graph\":[{\"@type\":\"WebPage\",\"@id\":\"https:\/\/cometeenergie.fr\/index.php\/la-kinesiologie-animale\/\",\"url\":\"https:\/\/cometeenergie.fr\/index.php\/la-kinesiologie-animale\/\",\"name\":\"Kin\u00e9siologie Animale - Com\u00e8te \u00c9nergie Kin\u00e9siologie\",\"isPartOf\":{\"@id\":\"http:\/\/cometeenergie.fr\/#website\"},\"datePublished\":\"2025-12-28T11:45:29+00:00\",\"dateModified\":\"2025-12-28T11:50:17+00:00\",\"breadcrumb\":{\"@id\":\"https:\/\/cometeenergie.fr\/index.php\/la-kinesiologie-animale\/#breadcrumb\"},\"inLanguage\":\"fr-FR\",\"potentialAction\":[{\"@type\":\"ReadAction\",\"target\":[\"https:\/\/cometeenergie.fr\/index.php\/la-kinesiologie-animale\/\"]}]},{\"@type\":\"BreadcrumbList\",\"@id\":\"https:\/\/cometeenergie.fr\/index.php\/la-kinesiologie-animale\/#breadcrumb\",\"itemListElement\":[{\"@type\":\"ListItem\",\"position\":1,\"name\":\"Accueil\",\"item\":\"http:\/\/cometeenergie.fr\/\"},{\"@type\":\"ListItem\",\"position\":2,\"name\":\"Kin\u00e9siologie Animale\"}]},{\"@type\":\"WebSite\",\"@id\":\"http:\/\/cometeenergie.fr\/#website\",\"url\":\"http:\/\/cometeenergie.fr\/\",\"name\":\"Com\u00e8te \u00c9nergie Kin\u00e9siologie\",\"description\":\"\",\"publisher\":{\"@id\":\"http:\/\/cometeenergie.fr\/#organization\"},\"potentialAction\":[{\"@type\":\"SearchAction\",\"target\":{\"@type\":\"EntryPoint\",\"urlTemplate\":\"http:\/\/cometeenergie.fr\/?s={search_term_string}\"},\"query-input\":{\"@type\":\"PropertyValueSpecification\",\"valueRequired\":true,\"valueName\":\"search_term_string\"}}],\"inLanguage\":\"fr-FR\"},{\"@type\":\"Organization\",\"@id\":\"http:\/\/cometeenergie.fr\/#organization\",\"name\":\"Com\u00e8te \u00c9nergie Kin\u00e9siologie\",\"url\":\"http:\/\/cometeenergie.fr\/\",\"logo\":{\"@type\":\"ImageObject\",\"inLanguage\":\"fr-FR\",\"@id\":\"http:\/\/cometeenergie.fr\/#\/schema\/logo\/image\/\",\"url\":\"https:\/\/cometeenergie.fr\/wp-content\/uploads\/2026\/02\/logo-comete-energie-kinesiologue-balma.png.jpeg\",\"contentUrl\":\"https:\/\/cometeenergie.fr\/wp-content\/uploads\/2026\/02\/logo-comete-energie-kinesiologue-balma.png.jpeg\",\"width\":581,\"height\":775,\"caption\":\"Com\u00e8te \u00c9nergie Kin\u00e9siologie\"},\"image\":{\"@id\":\"http:\/\/cometeenergie.fr\/#\/schema\/logo\/image\/\"},\"sameAs\":[\"https:\/\/www.facebook.com\/people\/Comte-Energie-Kinsiologie\/61584613425373\/\",\"https:\/\/www.instagram.com\/comete.energie.kinesiologie?utm_source=qr&igsh=MW43MGVkN3U2MWRvaA==\",\"https:\/\/www.linkedin.com\/authwall?trk=bf&trkInfo=AQEKvTfmpFGt0gAAAZxNzRWgwGinfK8n5dbRXtXZcvQ9xi1yQAcTVsXFA1tbKBLS0H3IWf-HjI3oegOa8Vu3N0yB_5cdwesXN3RAMSLsRNJne5Sv8AiYQ8DnG4aKbZZU81iymH4=&original_referer&sessionRedirect=httpswww.linkedin.cominsabrina-robert-180669114utm_sourceshare_viautm_contentprofileutm_mediummember_android\"]}]}<\/script>\n<!-- \/ Yoast SEO plugin. -->","yoast_head_json":{"title":"Kin\u00e9siologie Animale - Com\u00e8te \u00c9nergie Kin\u00e9siologie","robots":{"index":"index","follow":"follow","max-snippet":"max-snippet:-1","max-image-preview":"max-image-preview:large","max-video-preview":"max-video-preview:-1"},"canonical":"https:\/\/cometeenergie.fr\/index.php\/la-kinesiologie-animale\/","og_locale":"fr_FR","og_type":"article","og_title":"Kin\u00e9siologie Animale - Com\u00e8te \u00c9nergie Kin\u00e9siologie","og_description":"Comprendre et lib\u00e9rer le stress de vos compagnons Qu\u2019est-ce que la kin\u00e9siologie animale ? Tout comme l\u2019humain, l\u2019animal enregistre le stress et les \u00e9motions dans sa m\u00e9moire cellulaire. Cependant, ne pouvant pas s&rsquo;exprimer par la parole, il manifeste souvent son mal-\u00eatre par des changements de comportement ou des sympt\u00f4mes physiques. La kin\u00e9siologie animale permet d&rsquo;identifier [&hellip;]","og_url":"https:\/\/cometeenergie.fr\/index.php\/la-kinesiologie-animale\/","og_site_name":"Com\u00e8te \u00c9nergie Kin\u00e9siologie","article_publisher":"https:\/\/www.facebook.com\/people\/Comte-Energie-Kinsiologie\/61584613425373\/","article_modified_time":"2025-12-28T11:50:17+00:00","twitter_card":"summary_large_image","twitter_misc":{"Dur\u00e9e de lecture estim\u00e9e":"1 minute"},"schema":{"@context":"https:\/\/schema.org","@graph":[{"@type":"WebPage","@id":"https:\/\/cometeenergie.fr\/index.php\/la-kinesiologie-animale\/","url":"https:\/\/cometeenergie.fr\/index.php\/la-kinesiologie-animale\/","name":"Kin\u00e9siologie Animale - Com\u00e8te \u00c9nergie Kin\u00e9siologie","isPartOf":{"@id":"http:\/\/cometeenergie.fr\/#website"},"datePublished":"2025-12-28T11:45:29+00:00","dateModified":"2025-12-28T11:50:17+00:00","breadcrumb":{"@id":"https:\/\/cometeenergie.fr\/index.php\/la-kinesiologie-animale\/#breadcrumb"},"inLanguage":"fr-FR","potentialAction":[{"@type":"ReadAction","target":["https:\/\/cometeenergie.fr\/index.php\/la-kinesiologie-animale\/"]}]},{"@type":"BreadcrumbList","@id":"https:\/\/cometeenergie.fr\/index.php\/la-kinesiologie-animale\/#breadcrumb","itemListElement":[{"@type":"ListItem","position":1,"name":"Accueil","item":"http:\/\/cometeenergie.fr\/"},{"@type":"ListItem","position":2,"name":"Kin\u00e9siologie Animale"}]},{"@type":"WebSite","@id":"http:\/\/cometeenergie.fr\/#website","url":"http:\/\/cometeenergie.fr\/","name":"Com\u00e8te \u00c9nergie Kin\u00e9siologie","description":"","publisher":{"@id":"http:\/\/cometeenergie.fr\/#organization"},"potentialAction":[{"@type":"SearchAction","target":{"@type":"EntryPoint","urlTemplate":"http:\/\/cometeenergie.fr\/?s={search_term_string}"},"query-input":{"@type":"PropertyValueSpecification","valueRequired":true,"valueName":"search_term_string"}}],"inLanguage":"fr-FR"},{"@type":"Organization","@id":"http:\/\/cometeenergie.fr\/#organization","name":"Com\u00e8te \u00c9nergie Kin\u00e9siologie","url":"http:\/\/cometeenergie.fr\/","logo":{"@type":"ImageObject","inLanguage":"fr-FR","@id":"http:\/\/cometeenergie.fr\/#\/schema\/logo\/image\/","url":"https:\/\/cometeenergie.fr\/wp-content\/uploads\/2026\/02\/logo-comete-energie-kinesiologue-balma.png.jpeg","contentUrl":"https:\/\/cometeenergie.fr\/wp-content\/uploads\/2026\/02\/logo-comete-energie-kinesiologue-balma.png.jpeg","width":581,"height":775,"caption":"Com\u00e8te \u00c9nergie Kin\u00e9siologie"},"image":{"@id":"http:\/\/cometeenergie.fr\/#\/schema\/logo\/image\/"},"sameAs":["https:\/\/www.facebook.com\/people\/Comte-Energie-Kinsiologie\/61584613425373\/","https:\/\/www.instagram.com\/comete.energie.kinesiologie?utm_source=qr&igsh=MW43MGVkN3U2MWRvaA==","https:\/\/www.linkedin.com\/authwall?trk=bf&trkInfo=AQEKvTfmpFGt0gAAAZxNzRWgwGinfK8n5dbRXtXZcvQ9xi1yQAcTVsXFA1tbKBLS0H3IWf-HjI3oegOa8Vu3N0yB_5cdwesXN3RAMSLsRNJne5Sv8AiYQ8DnG4aKbZZU81iymH4=&original_referer&sessionRedirect=httpswww.linkedin.cominsabrina-robert-180669114utm_sourceshare_viautm_contentprofileutm_mediummember_android"]}]}},"_links":{"self":[{"href":"https:\/\/cometeenergie.fr\/index.php\/wp-json\/wp\/v2\/pages\/105","targetHints":{"allow":["GET"]}}],"collection":[{"href":"https:\/\/cometeenergie.fr\/index.php\/wp-json\/wp\/v2\/pages"}],"about":[{"href":"https:\/\/cometeenergie.fr\/index.php\/wp-json\/wp\/v2\/types\/page"}],"author":[{"embeddable":true,"href":"https:\/\/cometeenergie.fr\/index.php\/wp-json\/wp\/v2\/users\/1"}],"replies":[{"embeddable":true,"href":"https:\/\/cometeenergie.fr\/index.php\/wp-json\/wp\/v2\/comments?post=105"}],"version-history":[{"count":2,"href":"https:\/\/cometeenergie.fr\/index.php\/wp-json\/wp\/v2\/pages\/105\/revisions"}],"predecessor-version":[{"id":111,"href":"https:\/\/cometeenergie.fr\/index.php\/wp-json\/wp\/v2\/pages\/105\/revisions\/111"}],"wp:attachment":[{"href":"https:\/\/cometeenergie.fr\/index.php\/wp-json\/wp\/v2\/media?parent=105"}],"curies":[{"name":"wp","href":"https:\/\/api.w.org\/{rel}","templated":true}]}}