{"id":11,"date":"2025-12-19T15:02:38","date_gmt":"2025-12-19T15:02:38","guid":{"rendered":"http:\/\/cometeenergie.fr\/?page_id=11"},"modified":"2025-12-28T12:18:54","modified_gmt":"2025-12-28T12:18:54","slug":"accueil","status":"publish","type":"page","link":"https:\/\/cometeenergie.fr\/","title":{"rendered":"Accueil"},"content":{"rendered":"\n<h1 class=\"wp-block-heading\" style=\"font-size:32px\">Kin\u00e9siologie &amp; Techniques manuelles<br>pour votre bien-\u00eatre<\/h1>\n\n\n\n<p>\n            Une approche douce qui permet d\u2019harmoniser le corps, l\u2019\u00e9motionnel et l\u2019\u00e9nergie.<br>\n            Je vous accompagne pour retrouver \u00e9quilibre, s\u00e9r\u00e9nit\u00e9 et vitalit\u00e9.\n\n        <\/p>\n\n\n\n<ul class=\"wp-block-list\">\n<li>D\u00e9pression, burn-out<\/li>\n\n\n\n<li>Stress, gestion \u00e9motionnelle<\/li>\n\n\n\n<li>Angoisses, phobies<\/li>\n\n\n\n<li>Troubles du sommeil<\/li>\n\n\n\n<li>Douleurs physiques<\/li>\n\n\n\n<li>Blocages \u00e9motionnels<\/li>\n\n\n\n<li>D\u00e9veloppement personnel<\/li>\n\n\n\n<li>Optimisation des performances<\/li>\n<\/ul>\n\n\n\n<p><em>Il est temps de prendre soin de vous.<\/em><\/p>\n\n\n\n<div class=\"wp-block-buttons is-layout-flex wp-block-buttons-is-layout-flex\">\n<div class=\"wp-block-button is-style-outline is-style-outline--1\"><a class=\"wp-block-button__link has-background has-medium-font-size has-custom-font-size wp-element-button\" href=\"https:\/\/cometeenergie.fr\/index.php\/kinesiologie\/\" style=\"background-color:#6da5a8\">Kin\u00e9siologie humaine<\/a><\/div>\n\n\n\n<div class=\"wp-block-button is-style-outline is-style-outline--2\"><a class=\"wp-block-button__link has-background has-medium-font-size has-custom-font-size wp-element-button\" href=\"https:\/\/cometeenergie.fr\/index.php\/la-kinesiologie-animale\/\" style=\"background-color:#6da5a8\">Kin\u00e9siologie animale<\/a><\/div>\n\n\n\n<div class=\"wp-block-button is-style-outline is-style-outline--3\"><a class=\"wp-block-button__link has-background has-medium-font-size has-custom-font-size wp-element-button\" href=\"https:\/\/cometeenergie.fr\/index.php\/rebouteux\/\" style=\"background-color:#6da5a8\">Reboutement<\/a><\/div>\n<\/div>\n\n\n\n<p><\/p>\n","protected":false},"excerpt":{"rendered":"<p>Kin\u00e9siologie &amp; Techniques manuellespour votre bien-\u00eatre Une approche douce qui permet d\u2019harmoniser le corps, l\u2019\u00e9motionnel et l\u2019\u00e9nergie. Je vous accompagne pour retrouver \u00e9quilibre, s\u00e9r\u00e9nit\u00e9 et vitalit\u00e9. Il est temps de prendre soin de vous.<\/p>\n","protected":false},"author":1,"featured_media":0,"parent":0,"menu_order":0,"comment_status":"closed","ping_status":"closed","template":"","meta":{"footnotes":""},"class_list":["post-11","page","type-page","status-publish","hentry"],"yoast_head":"<!-- This site is optimized with the Yoast SEO plugin v27.2 - https:\/\/yoast.com\/product\/yoast-seo-wordpress\/ -->\n<title>Accueil - Com\u00e8te \u00c9nergie Kin\u00e9siologie<\/title>\n<meta name=\"robots\" content=\"index, follow, max-snippet:-1, max-image-preview:large, max-video-preview:-1\" \/>\n<link rel=\"canonical\" href=\"http:\/\/cometeenergie.fr\/\" \/>\n<meta property=\"og:locale\" content=\"fr_FR\" \/>\n<meta property=\"og:type\" content=\"article\" \/>\n<meta property=\"og:title\" content=\"Accueil - Com\u00e8te \u00c9nergie Kin\u00e9siologie\" \/>\n<meta property=\"og:description\" content=\"Kin\u00e9siologie &amp; Techniques manuellespour votre bien-\u00eatre Une approche douce qui permet d\u2019harmoniser le corps, l\u2019\u00e9motionnel et l\u2019\u00e9nergie. Je vous accompagne pour retrouver \u00e9quilibre, s\u00e9r\u00e9nit\u00e9 et vitalit\u00e9. Il est temps de prendre soin de vous.\" \/>\n<meta property=\"og:url\" content=\"http:\/\/cometeenergie.fr\/\" \/>\n<meta property=\"og:site_name\" content=\"Com\u00e8te \u00c9nergie Kin\u00e9siologie\" \/>\n<meta property=\"article:publisher\" content=\"https:\/\/www.facebook.com\/people\/Comte-Energie-Kinsiologie\/61584613425373\/\" \/>\n<meta property=\"article:modified_time\" content=\"2025-12-28T12:18:54+00:00\" \/>\n<meta name=\"twitter:card\" content=\"summary_large_image\" \/>\n<script type=\"application\/ld+json\" class=\"yoast-schema-graph\">{\"@context\":\"https:\/\/schema.org\",\"@graph\":[{\"@type\":\"WebPage\",\"@id\":\"http:\/\/cometeenergie.fr\/\",\"url\":\"http:\/\/cometeenergie.fr\/\",\"name\":\"Accueil - Com\u00e8te \u00c9nergie Kin\u00e9siologie\",\"isPartOf\":{\"@id\":\"http:\/\/cometeenergie.fr\/#website\"},\"datePublished\":\"2025-12-19T15:02:38+00:00\",\"dateModified\":\"2025-12-28T12:18:54+00:00\",\"breadcrumb\":{\"@id\":\"http:\/\/cometeenergie.fr\/#breadcrumb\"},\"inLanguage\":\"fr-FR\",\"potentialAction\":[{\"@type\":\"ReadAction\",\"target\":[\"http:\/\/cometeenergie.fr\/\"]}]},{\"@type\":\"BreadcrumbList\",\"@id\":\"http:\/\/cometeenergie.fr\/#breadcrumb\",\"itemListElement\":[{\"@type\":\"ListItem\",\"position\":1,\"name\":\"Accueil\",\"item\":\"http:\/\/cometeenergie.fr\/\"},{\"@type\":\"ListItem\",\"position\":2,\"name\":\"Accueil\"}]},{\"@type\":\"WebSite\",\"@id\":\"http:\/\/cometeenergie.fr\/#website\",\"url\":\"http:\/\/cometeenergie.fr\/\",\"name\":\"Com\u00e8te \u00c9nergie Kin\u00e9siologie\",\"description\":\"\",\"publisher\":{\"@id\":\"http:\/\/cometeenergie.fr\/#organization\"},\"potentialAction\":[{\"@type\":\"SearchAction\",\"target\":{\"@type\":\"EntryPoint\",\"urlTemplate\":\"http:\/\/cometeenergie.fr\/?s={search_term_string}\"},\"query-input\":{\"@type\":\"PropertyValueSpecification\",\"valueRequired\":true,\"valueName\":\"search_term_string\"}}],\"inLanguage\":\"fr-FR\"},{\"@type\":\"Organization\",\"@id\":\"http:\/\/cometeenergie.fr\/#organization\",\"name\":\"Com\u00e8te \u00c9nergie Kin\u00e9siologie\",\"url\":\"http:\/\/cometeenergie.fr\/\",\"logo\":{\"@type\":\"ImageObject\",\"inLanguage\":\"fr-FR\",\"@id\":\"http:\/\/cometeenergie.fr\/#\/schema\/logo\/image\/\",\"url\":\"https:\/\/cometeenergie.fr\/wp-content\/uploads\/2026\/02\/logo-comete-energie-kinesiologue-balma.png.jpeg\",\"contentUrl\":\"https:\/\/cometeenergie.fr\/wp-content\/uploads\/2026\/02\/logo-comete-energie-kinesiologue-balma.png.jpeg\",\"width\":581,\"height\":775,\"caption\":\"Com\u00e8te \u00c9nergie Kin\u00e9siologie\"},\"image\":{\"@id\":\"http:\/\/cometeenergie.fr\/#\/schema\/logo\/image\/\"},\"sameAs\":[\"https:\/\/www.facebook.com\/people\/Comte-Energie-Kinsiologie\/61584613425373\/\",\"https:\/\/www.instagram.com\/comete.energie.kinesiologie?utm_source=qr&igsh=MW43MGVkN3U2MWRvaA==\",\"https:\/\/www.linkedin.com\/authwall?trk=bf&trkInfo=AQEKvTfmpFGt0gAAAZxNzRWgwGinfK8n5dbRXtXZcvQ9xi1yQAcTVsXFA1tbKBLS0H3IWf-HjI3oegOa8Vu3N0yB_5cdwesXN3RAMSLsRNJne5Sv8AiYQ8DnG4aKbZZU81iymH4=&original_referer&sessionRedirect=httpswww.linkedin.cominsabrina-robert-180669114utm_sourceshare_viautm_contentprofileutm_mediummember_android\"]}]}<\/script>\n<!-- \/ Yoast SEO plugin. -->","yoast_head_json":{"title":"Accueil - Com\u00e8te \u00c9nergie Kin\u00e9siologie","robots":{"index":"index","follow":"follow","max-snippet":"max-snippet:-1","max-image-preview":"max-image-preview:large","max-video-preview":"max-video-preview:-1"},"canonical":"http:\/\/cometeenergie.fr\/","og_locale":"fr_FR","og_type":"article","og_title":"Accueil - Com\u00e8te \u00c9nergie Kin\u00e9siologie","og_description":"Kin\u00e9siologie &amp; Techniques manuellespour votre bien-\u00eatre Une approche douce qui permet d\u2019harmoniser le corps, l\u2019\u00e9motionnel et l\u2019\u00e9nergie. Je vous accompagne pour retrouver \u00e9quilibre, s\u00e9r\u00e9nit\u00e9 et vitalit\u00e9. Il est temps de prendre soin de vous.","og_url":"http:\/\/cometeenergie.fr\/","og_site_name":"Com\u00e8te \u00c9nergie Kin\u00e9siologie","article_publisher":"https:\/\/www.facebook.com\/people\/Comte-Energie-Kinsiologie\/61584613425373\/","article_modified_time":"2025-12-28T12:18:54+00:00","twitter_card":"summary_large_image","schema":{"@context":"https:\/\/schema.org","@graph":[{"@type":"WebPage","@id":"http:\/\/cometeenergie.fr\/","url":"http:\/\/cometeenergie.fr\/","name":"Accueil - Com\u00e8te \u00c9nergie Kin\u00e9siologie","isPartOf":{"@id":"http:\/\/cometeenergie.fr\/#website"},"datePublished":"2025-12-19T15:02:38+00:00","dateModified":"2025-12-28T12:18:54+00:00","breadcrumb":{"@id":"http:\/\/cometeenergie.fr\/#breadcrumb"},"inLanguage":"fr-FR","potentialAction":[{"@type":"ReadAction","target":["http:\/\/cometeenergie.fr\/"]}]},{"@type":"BreadcrumbList","@id":"http:\/\/cometeenergie.fr\/#breadcrumb","itemListElement":[{"@type":"ListItem","position":1,"name":"Accueil","item":"http:\/\/cometeenergie.fr\/"},{"@type":"ListItem","position":2,"name":"Accueil"}]},{"@type":"WebSite","@id":"http:\/\/cometeenergie.fr\/#website","url":"http:\/\/cometeenergie.fr\/","name":"Com\u00e8te \u00c9nergie Kin\u00e9siologie","description":"","publisher":{"@id":"http:\/\/cometeenergie.fr\/#organization"},"potentialAction":[{"@type":"SearchAction","target":{"@type":"EntryPoint","urlTemplate":"http:\/\/cometeenergie.fr\/?s={search_term_string}"},"query-input":{"@type":"PropertyValueSpecification","valueRequired":true,"valueName":"search_term_string"}}],"inLanguage":"fr-FR"},{"@type":"Organization","@id":"http:\/\/cometeenergie.fr\/#organization","name":"Com\u00e8te \u00c9nergie Kin\u00e9siologie","url":"http:\/\/cometeenergie.fr\/","logo":{"@type":"ImageObject","inLanguage":"fr-FR","@id":"http:\/\/cometeenergie.fr\/#\/schema\/logo\/image\/","url":"https:\/\/cometeenergie.fr\/wp-content\/uploads\/2026\/02\/logo-comete-energie-kinesiologue-balma.png.jpeg","contentUrl":"https:\/\/cometeenergie.fr\/wp-content\/uploads\/2026\/02\/logo-comete-energie-kinesiologue-balma.png.jpeg","width":581,"height":775,"caption":"Com\u00e8te \u00c9nergie Kin\u00e9siologie"},"image":{"@id":"http:\/\/cometeenergie.fr\/#\/schema\/logo\/image\/"},"sameAs":["https:\/\/www.facebook.com\/people\/Comte-Energie-Kinsiologie\/61584613425373\/","https:\/\/www.instagram.com\/comete.energie.kinesiologie?utm_source=qr&igsh=MW43MGVkN3U2MWRvaA==","https:\/\/www.linkedin.com\/authwall?trk=bf&trkInfo=AQEKvTfmpFGt0gAAAZxNzRWgwGinfK8n5dbRXtXZcvQ9xi1yQAcTVsXFA1tbKBLS0H3IWf-HjI3oegOa8Vu3N0yB_5cdwesXN3RAMSLsRNJne5Sv8AiYQ8DnG4aKbZZU81iymH4=&original_referer&sessionRedirect=httpswww.linkedin.cominsabrina-robert-180669114utm_sourceshare_viautm_contentprofileutm_mediummember_android"]}]}},"_links":{"self":[{"href":"https:\/\/cometeenergie.fr\/index.php\/wp-json\/wp\/v2\/pages\/11","targetHints":{"allow":["GET"]}}],"collection":[{"href":"https:\/\/cometeenergie.fr\/index.php\/wp-json\/wp\/v2\/pages"}],"about":[{"href":"https:\/\/cometeenergie.fr\/index.php\/wp-json\/wp\/v2\/types\/page"}],"author":[{"embeddable":true,"href":"https:\/\/cometeenergie.fr\/index.php\/wp-json\/wp\/v2\/users\/1"}],"replies":[{"embeddable":true,"href":"https:\/\/cometeenergie.fr\/index.php\/wp-json\/wp\/v2\/comments?post=11"}],"version-history":[{"count":20,"href":"https:\/\/cometeenergie.fr\/index.php\/wp-json\/wp\/v2\/pages\/11\/revisions"}],"predecessor-version":[{"id":130,"href":"https:\/\/cometeenergie.fr\/index.php\/wp-json\/wp\/v2\/pages\/11\/revisions\/130"}],"wp:attachment":[{"href":"https:\/\/cometeenergie.fr\/index.php\/wp-json\/wp\/v2\/media?parent=11"}],"curies":[{"name":"wp","href":"https:\/\/api.w.org\/{rel}","templated":true}]}}