{"id":15,"date":"2025-12-19T15:03:00","date_gmt":"2025-12-19T15:03:00","guid":{"rendered":"http:\/\/cometeenergie.fr\/?page_id=15"},"modified":"2025-12-28T12:25:42","modified_gmt":"2025-12-28T12:25:42","slug":"kinesiologie","status":"publish","type":"page","link":"https:\/\/cometeenergie.fr\/index.php\/kinesiologie\/","title":{"rendered":"Kinesiologie"},"content":{"rendered":"\n<h1 class=\"wp-block-heading\" style=\"font-size:32px\">La Kin\u00e9siologie : Retrouver l&rsquo;\u00e9quilibre et le plein potentiel<\/h1>\n\n\n\n<h3 class=\"wp-block-heading\">Qu\u2019est-ce que la kin\u00e9siologie ?<\/h3>\n\n\n\n<p>La kin\u00e9siologie est une approche douce et globale de sant\u00e9 naturelle qui utilise le <strong>test musculaire<\/strong> comme outil de dialogue avec le corps. Elle permet d&rsquo;identifier les d\u00e9s\u00e9quilibres et les stress (\u00e9motionnels, physiques ou \u00e9nerg\u00e9tiques) qui nous emp\u00eachent d&rsquo;utiliser notre plein potentiel.<\/p>\n\n\n\n<p>Notre corps garde en m\u00e9moire chaque exp\u00e9rience v\u00e9cue. En interrogeant cette m\u00e9moire via une pression douce sur un muscle (g\u00e9n\u00e9ralement au niveau du bras), la kin\u00e9siologie permet de d\u00e9nouer les blocages conscients ou inconscients et de restaurer la capacit\u00e9 d&rsquo;auto-gu\u00e9rison de l&rsquo;organisme ainsi que de de r\u00e9tablir l\u2019harmonie corps-esprit. <\/p>\n\n\n\n<h3 class=\"wp-block-heading\">Pourquoi consulter ?<\/h3>\n\n\n\n<p>La kin\u00e9siologie s&rsquo;adresse \u00e0 tous (adultes, enfants, seniors) et intervient sur les trois piliers majeurs de votre \u00e9quilibre :<\/p>\n\n\n\n<ul class=\"wp-block-list\">\n<li><strong>\u00c9quilibre \u00c9motionnel :<\/strong> Gestion du stress, de l&rsquo;anxi\u00e9t\u00e9, des phobies, de la confiance en soi ou lib\u00e9ration de sch\u00e9mas r\u00e9p\u00e9titifs, d\u00e9veloppement personnel<\/li>\n\n\n\n<li><strong>Bien-\u00eatre Physique :<\/strong> Troubles du sommeil, fatigue chronique, tensions musculaires ou gestion des \u00e9motions li\u00e9es \u00e0 des douleurs physiques.<\/li>\n\n\n\n<li><strong>Apprentissage et Cognition :<\/strong> Difficult\u00e9s de concentration, m\u00e9morisation, pr\u00e9paration aux examens (trac) ou aide \u00e0 l&rsquo;organisation.<\/li>\n<\/ul>\n\n\n\n<p><\/p>\n\n\n\n<p><\/p>\n","protected":false},"excerpt":{"rendered":"<p>La Kin\u00e9siologie : Retrouver l&rsquo;\u00e9quilibre et le plein potentiel Qu\u2019est-ce que la kin\u00e9siologie ? La kin\u00e9siologie est une approche douce et globale de sant\u00e9 naturelle qui utilise le test musculaire comme outil de dialogue avec le corps. Elle permet d&rsquo;identifier les d\u00e9s\u00e9quilibres et les stress (\u00e9motionnels, physiques ou \u00e9nerg\u00e9tiques) qui nous emp\u00eachent d&rsquo;utiliser notre plein [&hellip;]<\/p>\n","protected":false},"author":1,"featured_media":0,"parent":0,"menu_order":0,"comment_status":"closed","ping_status":"closed","template":"","meta":{"footnotes":""},"class_list":["post-15","page","type-page","status-publish","hentry"],"yoast_head":"<!-- This site is optimized with the Yoast SEO plugin v27.2 - https:\/\/yoast.com\/product\/yoast-seo-wordpress\/ -->\n<title>Kinesiologie - Com\u00e8te \u00c9nergie Kin\u00e9siologie<\/title>\n<meta name=\"robots\" content=\"index, follow, max-snippet:-1, max-image-preview:large, max-video-preview:-1\" \/>\n<link rel=\"canonical\" href=\"https:\/\/cometeenergie.fr\/index.php\/kinesiologie\/\" \/>\n<meta property=\"og:locale\" content=\"fr_FR\" \/>\n<meta property=\"og:type\" content=\"article\" \/>\n<meta property=\"og:title\" content=\"Kinesiologie - Com\u00e8te \u00c9nergie Kin\u00e9siologie\" \/>\n<meta property=\"og:description\" content=\"La Kin\u00e9siologie : Retrouver l&rsquo;\u00e9quilibre et le plein potentiel Qu\u2019est-ce que la kin\u00e9siologie ? La kin\u00e9siologie est une approche douce et globale de sant\u00e9 naturelle qui utilise le test musculaire comme outil de dialogue avec le corps. Elle permet d&rsquo;identifier les d\u00e9s\u00e9quilibres et les stress (\u00e9motionnels, physiques ou \u00e9nerg\u00e9tiques) qui nous emp\u00eachent d&rsquo;utiliser notre plein [&hellip;]\" \/>\n<meta property=\"og:url\" content=\"https:\/\/cometeenergie.fr\/index.php\/kinesiologie\/\" \/>\n<meta property=\"og:site_name\" content=\"Com\u00e8te \u00c9nergie Kin\u00e9siologie\" \/>\n<meta property=\"article:publisher\" content=\"https:\/\/www.facebook.com\/people\/Comte-Energie-Kinsiologie\/61584613425373\/\" \/>\n<meta property=\"article:modified_time\" content=\"2025-12-28T12:25:42+00:00\" \/>\n<meta name=\"twitter:card\" content=\"summary_large_image\" \/>\n<meta name=\"twitter:label1\" content=\"Dur\u00e9e de lecture estim\u00e9e\" \/>\n\t<meta name=\"twitter:data1\" content=\"1 minute\" \/>\n<script type=\"application\/ld+json\" class=\"yoast-schema-graph\">{\"@context\":\"https:\/\/schema.org\",\"@graph\":[{\"@type\":\"WebPage\",\"@id\":\"https:\/\/cometeenergie.fr\/index.php\/kinesiologie\/\",\"url\":\"https:\/\/cometeenergie.fr\/index.php\/kinesiologie\/\",\"name\":\"Kinesiologie - Com\u00e8te \u00c9nergie Kin\u00e9siologie\",\"isPartOf\":{\"@id\":\"http:\/\/cometeenergie.fr\/#website\"},\"datePublished\":\"2025-12-19T15:03:00+00:00\",\"dateModified\":\"2025-12-28T12:25:42+00:00\",\"breadcrumb\":{\"@id\":\"https:\/\/cometeenergie.fr\/index.php\/kinesiologie\/#breadcrumb\"},\"inLanguage\":\"fr-FR\",\"potentialAction\":[{\"@type\":\"ReadAction\",\"target\":[\"https:\/\/cometeenergie.fr\/index.php\/kinesiologie\/\"]}]},{\"@type\":\"BreadcrumbList\",\"@id\":\"https:\/\/cometeenergie.fr\/index.php\/kinesiologie\/#breadcrumb\",\"itemListElement\":[{\"@type\":\"ListItem\",\"position\":1,\"name\":\"Accueil\",\"item\":\"http:\/\/cometeenergie.fr\/\"},{\"@type\":\"ListItem\",\"position\":2,\"name\":\"Kinesiologie\"}]},{\"@type\":\"WebSite\",\"@id\":\"http:\/\/cometeenergie.fr\/#website\",\"url\":\"http:\/\/cometeenergie.fr\/\",\"name\":\"Com\u00e8te \u00c9nergie Kin\u00e9siologie\",\"description\":\"\",\"publisher\":{\"@id\":\"http:\/\/cometeenergie.fr\/#organization\"},\"potentialAction\":[{\"@type\":\"SearchAction\",\"target\":{\"@type\":\"EntryPoint\",\"urlTemplate\":\"http:\/\/cometeenergie.fr\/?s={search_term_string}\"},\"query-input\":{\"@type\":\"PropertyValueSpecification\",\"valueRequired\":true,\"valueName\":\"search_term_string\"}}],\"inLanguage\":\"fr-FR\"},{\"@type\":\"Organization\",\"@id\":\"http:\/\/cometeenergie.fr\/#organization\",\"name\":\"Com\u00e8te \u00c9nergie Kin\u00e9siologie\",\"url\":\"http:\/\/cometeenergie.fr\/\",\"logo\":{\"@type\":\"ImageObject\",\"inLanguage\":\"fr-FR\",\"@id\":\"http:\/\/cometeenergie.fr\/#\/schema\/logo\/image\/\",\"url\":\"https:\/\/cometeenergie.fr\/wp-content\/uploads\/2026\/02\/logo-comete-energie-kinesiologue-balma.png.jpeg\",\"contentUrl\":\"https:\/\/cometeenergie.fr\/wp-content\/uploads\/2026\/02\/logo-comete-energie-kinesiologue-balma.png.jpeg\",\"width\":581,\"height\":775,\"caption\":\"Com\u00e8te \u00c9nergie Kin\u00e9siologie\"},\"image\":{\"@id\":\"http:\/\/cometeenergie.fr\/#\/schema\/logo\/image\/\"},\"sameAs\":[\"https:\/\/www.facebook.com\/people\/Comte-Energie-Kinsiologie\/61584613425373\/\",\"https:\/\/www.instagram.com\/comete.energie.kinesiologie?utm_source=qr&igsh=MW43MGVkN3U2MWRvaA==\",\"https:\/\/www.linkedin.com\/authwall?trk=bf&trkInfo=AQEKvTfmpFGt0gAAAZxNzRWgwGinfK8n5dbRXtXZcvQ9xi1yQAcTVsXFA1tbKBLS0H3IWf-HjI3oegOa8Vu3N0yB_5cdwesXN3RAMSLsRNJne5Sv8AiYQ8DnG4aKbZZU81iymH4=&original_referer&sessionRedirect=httpswww.linkedin.cominsabrina-robert-180669114utm_sourceshare_viautm_contentprofileutm_mediummember_android\"]}]}<\/script>\n<!-- \/ Yoast SEO plugin. -->","yoast_head_json":{"title":"Kinesiologie - Com\u00e8te \u00c9nergie Kin\u00e9siologie","robots":{"index":"index","follow":"follow","max-snippet":"max-snippet:-1","max-image-preview":"max-image-preview:large","max-video-preview":"max-video-preview:-1"},"canonical":"https:\/\/cometeenergie.fr\/index.php\/kinesiologie\/","og_locale":"fr_FR","og_type":"article","og_title":"Kinesiologie - Com\u00e8te \u00c9nergie Kin\u00e9siologie","og_description":"La Kin\u00e9siologie : Retrouver l&rsquo;\u00e9quilibre et le plein potentiel Qu\u2019est-ce que la kin\u00e9siologie ? La kin\u00e9siologie est une approche douce et globale de sant\u00e9 naturelle qui utilise le test musculaire comme outil de dialogue avec le corps. Elle permet d&rsquo;identifier les d\u00e9s\u00e9quilibres et les stress (\u00e9motionnels, physiques ou \u00e9nerg\u00e9tiques) qui nous emp\u00eachent d&rsquo;utiliser notre plein [&hellip;]","og_url":"https:\/\/cometeenergie.fr\/index.php\/kinesiologie\/","og_site_name":"Com\u00e8te \u00c9nergie Kin\u00e9siologie","article_publisher":"https:\/\/www.facebook.com\/people\/Comte-Energie-Kinsiologie\/61584613425373\/","article_modified_time":"2025-12-28T12:25:42+00:00","twitter_card":"summary_large_image","twitter_misc":{"Dur\u00e9e de lecture estim\u00e9e":"1 minute"},"schema":{"@context":"https:\/\/schema.org","@graph":[{"@type":"WebPage","@id":"https:\/\/cometeenergie.fr\/index.php\/kinesiologie\/","url":"https:\/\/cometeenergie.fr\/index.php\/kinesiologie\/","name":"Kinesiologie - Com\u00e8te \u00c9nergie Kin\u00e9siologie","isPartOf":{"@id":"http:\/\/cometeenergie.fr\/#website"},"datePublished":"2025-12-19T15:03:00+00:00","dateModified":"2025-12-28T12:25:42+00:00","breadcrumb":{"@id":"https:\/\/cometeenergie.fr\/index.php\/kinesiologie\/#breadcrumb"},"inLanguage":"fr-FR","potentialAction":[{"@type":"ReadAction","target":["https:\/\/cometeenergie.fr\/index.php\/kinesiologie\/"]}]},{"@type":"BreadcrumbList","@id":"https:\/\/cometeenergie.fr\/index.php\/kinesiologie\/#breadcrumb","itemListElement":[{"@type":"ListItem","position":1,"name":"Accueil","item":"http:\/\/cometeenergie.fr\/"},{"@type":"ListItem","position":2,"name":"Kinesiologie"}]},{"@type":"WebSite","@id":"http:\/\/cometeenergie.fr\/#website","url":"http:\/\/cometeenergie.fr\/","name":"Com\u00e8te \u00c9nergie Kin\u00e9siologie","description":"","publisher":{"@id":"http:\/\/cometeenergie.fr\/#organization"},"potentialAction":[{"@type":"SearchAction","target":{"@type":"EntryPoint","urlTemplate":"http:\/\/cometeenergie.fr\/?s={search_term_string}"},"query-input":{"@type":"PropertyValueSpecification","valueRequired":true,"valueName":"search_term_string"}}],"inLanguage":"fr-FR"},{"@type":"Organization","@id":"http:\/\/cometeenergie.fr\/#organization","name":"Com\u00e8te \u00c9nergie Kin\u00e9siologie","url":"http:\/\/cometeenergie.fr\/","logo":{"@type":"ImageObject","inLanguage":"fr-FR","@id":"http:\/\/cometeenergie.fr\/#\/schema\/logo\/image\/","url":"https:\/\/cometeenergie.fr\/wp-content\/uploads\/2026\/02\/logo-comete-energie-kinesiologue-balma.png.jpeg","contentUrl":"https:\/\/cometeenergie.fr\/wp-content\/uploads\/2026\/02\/logo-comete-energie-kinesiologue-balma.png.jpeg","width":581,"height":775,"caption":"Com\u00e8te \u00c9nergie Kin\u00e9siologie"},"image":{"@id":"http:\/\/cometeenergie.fr\/#\/schema\/logo\/image\/"},"sameAs":["https:\/\/www.facebook.com\/people\/Comte-Energie-Kinsiologie\/61584613425373\/","https:\/\/www.instagram.com\/comete.energie.kinesiologie?utm_source=qr&igsh=MW43MGVkN3U2MWRvaA==","https:\/\/www.linkedin.com\/authwall?trk=bf&trkInfo=AQEKvTfmpFGt0gAAAZxNzRWgwGinfK8n5dbRXtXZcvQ9xi1yQAcTVsXFA1tbKBLS0H3IWf-HjI3oegOa8Vu3N0yB_5cdwesXN3RAMSLsRNJne5Sv8AiYQ8DnG4aKbZZU81iymH4=&original_referer&sessionRedirect=httpswww.linkedin.cominsabrina-robert-180669114utm_sourceshare_viautm_contentprofileutm_mediummember_android"]}]}},"_links":{"self":[{"href":"https:\/\/cometeenergie.fr\/index.php\/wp-json\/wp\/v2\/pages\/15","targetHints":{"allow":["GET"]}}],"collection":[{"href":"https:\/\/cometeenergie.fr\/index.php\/wp-json\/wp\/v2\/pages"}],"about":[{"href":"https:\/\/cometeenergie.fr\/index.php\/wp-json\/wp\/v2\/types\/page"}],"author":[{"embeddable":true,"href":"https:\/\/cometeenergie.fr\/index.php\/wp-json\/wp\/v2\/users\/1"}],"replies":[{"embeddable":true,"href":"https:\/\/cometeenergie.fr\/index.php\/wp-json\/wp\/v2\/comments?post=15"}],"version-history":[{"count":12,"href":"https:\/\/cometeenergie.fr\/index.php\/wp-json\/wp\/v2\/pages\/15\/revisions"}],"predecessor-version":[{"id":140,"href":"https:\/\/cometeenergie.fr\/index.php\/wp-json\/wp\/v2\/pages\/15\/revisions\/140"}],"wp:attachment":[{"href":"https:\/\/cometeenergie.fr\/index.php\/wp-json\/wp\/v2\/media?parent=15"}],"curies":[{"name":"wp","href":"https:\/\/api.w.org\/{rel}","templated":true}]}}